{"id":805,"date":"2013-08-15T00:00:00","date_gmt":"2013-08-14T22:00:00","guid":{"rendered":"https:\/\/ruemassena30-nice.com\/om-nice-links\/"},"modified":"2025-01-15T13:37:18","modified_gmt":"2025-01-15T12:37:18","slug":"about-nice-links","status":"publish","type":"page","link":"https:\/\/ruemassena30-nice.com\/en\/about-nice-links\/","title":{"rendered":"About Nice &#8211; links"},"content":{"rendered":"<p>Here you will find a few useful links<\/p>\n<p><strong style=\"font-family: arial,sans-serif; font-size: 12px; font-style: normal; font-variant: normal; line-height: 20px;\"><a style=\"color: #888888;\" href=\"https:\/\/www.weather-forecast.com\/locations\/Nice\/forecasts\/latest\" target=\"_blank\" rel=\"noopener\"><img loading=\"lazy\" decoding=\"async\" class=\"alignnone\" style=\"float: right; height: 410px; width: 200px;\" src=\"https:\/\/ruemassena30-nice.com\/wp-content\/uploads\/2024\/01\/patchwork.gif\" alt=\"\" width=\"350\" height=\"718\" \/><\/a><\/strong><strong><a href=\"http:\/\/www.nicetourisme.com\/\" target=\"_blank\" rel=\"noopener\">Tourist office<\/a> (Tourist office)<\/strong><\/p>\n<p><span style=\"color: #000000;\"><strong><a href=\"http:\/\/www.nice.aeroport.fr\/\" target=\"_blank\" rel=\"noopener\">A\u00e9roport Nice C\u00f4te d&#8217;Azur<\/a><\/strong> <strong>(Nice Airport)<\/strong><\/span><\/p>\n<p><strong><a href=\"https:\/\/www.explorenicecotedazur.com\/en\/practical-information\/getting-around\/getting-around-by-bus-and-tramway\/\" target=\"_blank\" rel=\"noopener\">Tramway line 2 destination Port &#8211; <\/a><a href=\"https:\/\/www.explorenicecotedazur.com\/en\/practical-information\/getting-around\/getting-around-by-bus-and-tramway\/\" target=\"_blank\" rel=\"noopener\">stationen Jean M\u00e9decin<\/a> (8 min. walk from address)<\/strong><\/p>\n<p><strong><a href=\"https:\/\/www.wunderground.com\/weather\/LFMN\" target=\"_blank\" rel=\"noopener\">weather<\/a> (<\/strong>Weather<strong>at wunderground.com<\/strong><strong>) \/ <a href=\"https:\/\/www.weather-forecast.com\/locations\/Nice\/forecasts\/latest\" target=\"_blank\" rel=\"noopener\">weather<\/a> (<\/strong>Weather<strong> at weather-forecast)<\/strong><\/p>\n<p><strong><a href=\"https:\/\/viewsurf.com\/univers\/plage\/vue\/19322-france-provence-alpes-cote-dazur-nice-nice-promenade-des-anglais\" target=\"_blank\" rel=\"noopener\">Nice Live WebCam<\/a><\/strong><\/p>\n","protected":false},"excerpt":{"rendered":"<p>Here you will find a few useful links Tourist office (Tourist office) A\u00e9roport Nice C\u00f4te d&#8217;Azur (Nice Airport) Tramway line&#8230;<\/p>\n","protected":false},"author":2,"featured_media":0,"parent":0,"menu_order":15,"comment_status":"closed","ping_status":"closed","template":"","meta":{"footnotes":""},"class_list":["post-805","page","type-page","status-publish","hentry"],"acf":[],"yoast_head":"<!-- This site is optimized with the Yoast SEO plugin v25.1 - https:\/\/yoast.com\/wordpress\/plugins\/seo\/ -->\n<title>R\u00e9sidence Mass\u00e9na Nice<\/title>\n<meta name=\"robots\" content=\"index, follow, max-snippet:-1, max-image-preview:large, max-video-preview:-1\" \/>\n<link rel=\"canonical\" href=\"https:\/\/ruemassena30-nice.com\/en\/about-nice-links\/\" \/>\n<meta property=\"og:locale\" content=\"en_GB\" \/>\n<meta property=\"og:type\" content=\"article\" \/>\n<meta property=\"og:title\" content=\"R\u00e9sidence Mass\u00e9na Nice\" \/>\n<meta property=\"og:description\" content=\"Here you will find a few useful links Tourist office (Tourist office) A\u00e9roport Nice C\u00f4te d&#8217;Azur (Nice Airport) Tramway line...\" \/>\n<meta property=\"og:url\" content=\"https:\/\/ruemassena30-nice.com\/en\/about-nice-links\/\" \/>\n<meta property=\"og:site_name\" content=\"(ENG) Aktion\u00e6rforeningen for R\u00e9sidence Massena\" \/>\n<meta property=\"article:modified_time\" content=\"2025-01-15T12:37:18+00:00\" \/>\n<meta property=\"og:image\" content=\"https:\/\/ruemassena30-nice.com\/wp-content\/uploads\/2024\/01\/patchwork.gif\" \/>\n<meta name=\"twitter:card\" content=\"summary_large_image\" \/>\n<meta name=\"twitter:label1\" content=\"Estimated reading time\" \/>\n\t<meta name=\"twitter:data1\" content=\"1 minute\" \/>\n<!-- \/ Yoast SEO plugin. -->","yoast_head_json":{"title":"R\u00e9sidence Mass\u00e9na Nice","robots":{"index":"index","follow":"follow","max-snippet":"max-snippet:-1","max-image-preview":"max-image-preview:large","max-video-preview":"max-video-preview:-1"},"canonical":"https:\/\/ruemassena30-nice.com\/en\/about-nice-links\/","og_locale":"en_GB","og_type":"article","og_title":"R\u00e9sidence Mass\u00e9na Nice","og_description":"Here you will find a few useful links Tourist office (Tourist office) A\u00e9roport Nice C\u00f4te d&#8217;Azur (Nice Airport) Tramway line...","og_url":"https:\/\/ruemassena30-nice.com\/en\/about-nice-links\/","og_site_name":"(ENG) Aktion\u00e6rforeningen for R\u00e9sidence Massena","article_modified_time":"2025-01-15T12:37:18+00:00","og_image":[{"url":"https:\/\/ruemassena30-nice.com\/wp-content\/uploads\/2024\/01\/patchwork.gif","type":"","width":"","height":""}],"twitter_card":"summary_large_image","twitter_misc":{"Estimated reading time":"1 minute"},"schema":{"@context":"https:\/\/schema.org","@graph":[{"@type":"WebPage","@id":"https:\/\/ruemassena30-nice.com\/en\/about-nice-links\/","url":"https:\/\/ruemassena30-nice.com\/en\/about-nice-links\/","name":"R\u00e9sidence Mass\u00e9na Nice","isPartOf":{"@id":"https:\/\/ruemassena30-nice.com\/en\/#website"},"primaryImageOfPage":{"@id":"https:\/\/ruemassena30-nice.com\/en\/about-nice-links\/#primaryimage"},"image":{"@id":"https:\/\/ruemassena30-nice.com\/en\/about-nice-links\/#primaryimage"},"thumbnailUrl":"https:\/\/ruemassena30-nice.com\/wp-content\/uploads\/2024\/01\/patchwork.gif","datePublished":"2013-08-14T22:00:00+00:00","dateModified":"2025-01-15T12:37:18+00:00","breadcrumb":{"@id":"https:\/\/ruemassena30-nice.com\/en\/about-nice-links\/#breadcrumb"},"inLanguage":"en-GB","potentialAction":[{"@type":"ReadAction","target":["https:\/\/ruemassena30-nice.com\/en\/about-nice-links\/"]}]},{"@type":"ImageObject","inLanguage":"en-GB","@id":"https:\/\/ruemassena30-nice.com\/en\/about-nice-links\/#primaryimage","url":"https:\/\/ruemassena30-nice.com\/wp-content\/uploads\/2024\/01\/patchwork.gif","contentUrl":"https:\/\/ruemassena30-nice.com\/wp-content\/uploads\/2024\/01\/patchwork.gif"},{"@type":"BreadcrumbList","@id":"https:\/\/ruemassena30-nice.com\/en\/about-nice-links\/#breadcrumb","itemListElement":[{"@type":"ListItem","position":1,"name":"Hjem","item":"https:\/\/ruemassena30-nice.com\/en\/"},{"@type":"ListItem","position":2,"name":"About Nice &#8211; links"}]},{"@type":"WebSite","@id":"https:\/\/ruemassena30-nice.com\/en\/#website","url":"https:\/\/ruemassena30-nice.com\/en\/","name":"(ENG) Aktion\u00e6rforeningen for R\u00e9sidence Massena","description":"","potentialAction":[{"@type":"SearchAction","target":{"@type":"EntryPoint","urlTemplate":"https:\/\/ruemassena30-nice.com\/en\/?s={search_term_string}"},"query-input":{"@type":"PropertyValueSpecification","valueRequired":true,"valueName":"search_term_string"}}],"inLanguage":"en-GB"}]}},"_links":{"self":[{"href":"https:\/\/ruemassena30-nice.com\/en\/wp-json\/wp\/v2\/pages\/805","targetHints":{"allow":["GET"]}}],"collection":[{"href":"https:\/\/ruemassena30-nice.com\/en\/wp-json\/wp\/v2\/pages"}],"about":[{"href":"https:\/\/ruemassena30-nice.com\/en\/wp-json\/wp\/v2\/types\/page"}],"author":[{"embeddable":true,"href":"https:\/\/ruemassena30-nice.com\/en\/wp-json\/wp\/v2\/users\/2"}],"replies":[{"embeddable":true,"href":"https:\/\/ruemassena30-nice.com\/en\/wp-json\/wp\/v2\/comments?post=805"}],"version-history":[{"count":10,"href":"https:\/\/ruemassena30-nice.com\/en\/wp-json\/wp\/v2\/pages\/805\/revisions"}],"predecessor-version":[{"id":2024,"href":"https:\/\/ruemassena30-nice.com\/en\/wp-json\/wp\/v2\/pages\/805\/revisions\/2024"}],"wp:attachment":[{"href":"https:\/\/ruemassena30-nice.com\/en\/wp-json\/wp\/v2\/media?parent=805"}],"curies":[{"name":"wp","href":"https:\/\/api.w.org\/{rel}","templated":true}]}}