{"id":788,"date":"2013-08-15T00:00:00","date_gmt":"2013-08-14T22:00:00","guid":{"rendered":"https:\/\/ruemassena30-nice.com\/rue-massena\/"},"modified":"2025-01-02T21:22:29","modified_gmt":"2025-01-02T20:22:29","slug":"massena-street","status":"publish","type":"page","link":"https:\/\/ruemassena30-nice.com\/en\/massena-street\/","title":{"rendered":"Rue Massena"},"content":{"rendered":"<p>30 Rue Mass\u00e9na is a beautifully restored classic urban property with 15 apartments, right in the center of Nice. All apartments are furnished and fitted to accommodate from two to six people, tastefully decorated in charming French style, separate kitchen, tiled bathroom, air-conditioning, TV, elevator.<br \/>\n<img decoding=\"async\" style=\"float: right; height: 237px; width: 300px;\" src=\"https:\/\/ruemassena30-nice.com\/wp-content\/uploads\/2024\/01\/patch2.gif\" \/><br \/>\nThe property has a live-in caretaker etc.<\/p>\n<p>R\u00e9sidence Mass\u00e9na&#8217;s location is perfect, on a car-free pedestrian street &#8220;Rue Mass\u00e9na&#8221;, in the middle of Nice&#8217;s best shopping area, a beautiful and vibrant neighborhood that is also well supplied with restaurants at all price levels. From the charming Nice residence, it is only a two-minute walk to the Promenade des Anglais near Casino Ruhl and Hotel Negresco, the beach and the crashing waves of the Mediterranean, and only a ten-minute bus ride directly to Nice C\u00f4te d&#8217;Azur International Airport.<\/p>\n<p>The C\u00f4te d&#8217;Azur&#8217;s unique microclimate means that Nice boasts better weather and temperatures than, say, Rome. With an annual average air temperature of around 17 degrees and over 300 days of sunshine a year, Nice is one of Europe&#8217;s most versatile vacation spots both summer and winter.<\/p>\n","protected":false},"excerpt":{"rendered":"<p>30 Rue Mass\u00e9na is a beautifully restored classic urban property with 15 apartments, right in the center of Nice. All&#8230;<\/p>\n","protected":false},"author":2,"featured_media":0,"parent":0,"menu_order":2,"comment_status":"closed","ping_status":"closed","template":"","meta":{"footnotes":""},"class_list":["post-788","page","type-page","status-publish","hentry"],"acf":[],"yoast_head":"<!-- This site is optimized with the Yoast SEO plugin v25.1 - https:\/\/yoast.com\/wordpress\/plugins\/seo\/ -->\n<title>Rue Massena - (ENG) Aktion\u00e6rforeningen for R\u00e9sidence Massena<\/title>\n<meta name=\"robots\" content=\"index, follow, max-snippet:-1, max-image-preview:large, max-video-preview:-1\" \/>\n<link rel=\"canonical\" href=\"https:\/\/ruemassena30-nice.com\/en\/massena-street\/\" \/>\n<meta property=\"og:locale\" content=\"en_GB\" \/>\n<meta property=\"og:type\" content=\"article\" \/>\n<meta property=\"og:title\" content=\"Rue Massena - (ENG) Aktion\u00e6rforeningen for R\u00e9sidence Massena\" \/>\n<meta property=\"og:description\" content=\"30 Rue Mass\u00e9na is a beautifully restored classic urban property with 15 apartments, right in the center of Nice. All...\" \/>\n<meta property=\"og:url\" content=\"https:\/\/ruemassena30-nice.com\/en\/massena-street\/\" \/>\n<meta property=\"og:site_name\" content=\"(ENG) Aktion\u00e6rforeningen for R\u00e9sidence Massena\" \/>\n<meta property=\"article:modified_time\" content=\"2025-01-02T20:22:29+00:00\" \/>\n<meta property=\"og:image\" content=\"https:\/\/ruemassena30-nice.com\/wp-content\/uploads\/2024\/01\/patch2.gif\" \/>\n<meta name=\"twitter:card\" content=\"summary_large_image\" \/>\n<meta name=\"twitter:label1\" content=\"Estimated reading time\" \/>\n\t<meta name=\"twitter:data1\" content=\"2 minutes\" \/>\n<!-- \/ Yoast SEO plugin. -->","yoast_head_json":{"title":"Rue Massena - (ENG) Aktion\u00e6rforeningen for R\u00e9sidence Massena","robots":{"index":"index","follow":"follow","max-snippet":"max-snippet:-1","max-image-preview":"max-image-preview:large","max-video-preview":"max-video-preview:-1"},"canonical":"https:\/\/ruemassena30-nice.com\/en\/massena-street\/","og_locale":"en_GB","og_type":"article","og_title":"Rue Massena - (ENG) Aktion\u00e6rforeningen for R\u00e9sidence Massena","og_description":"30 Rue Mass\u00e9na is a beautifully restored classic urban property with 15 apartments, right in the center of Nice. All...","og_url":"https:\/\/ruemassena30-nice.com\/en\/massena-street\/","og_site_name":"(ENG) Aktion\u00e6rforeningen for R\u00e9sidence Massena","article_modified_time":"2025-01-02T20:22:29+00:00","og_image":[{"url":"https:\/\/ruemassena30-nice.com\/wp-content\/uploads\/2024\/01\/patch2.gif","type":"","width":"","height":""}],"twitter_card":"summary_large_image","twitter_misc":{"Estimated reading time":"2 minutes"},"schema":{"@context":"https:\/\/schema.org","@graph":[{"@type":"WebPage","@id":"https:\/\/ruemassena30-nice.com\/en\/massena-street\/","url":"https:\/\/ruemassena30-nice.com\/en\/massena-street\/","name":"Rue Massena - (ENG) Aktion\u00e6rforeningen for R\u00e9sidence Massena","isPartOf":{"@id":"https:\/\/ruemassena30-nice.com\/en\/#website"},"primaryImageOfPage":{"@id":"https:\/\/ruemassena30-nice.com\/en\/massena-street\/#primaryimage"},"image":{"@id":"https:\/\/ruemassena30-nice.com\/en\/massena-street\/#primaryimage"},"thumbnailUrl":"https:\/\/ruemassena30-nice.com\/wp-content\/uploads\/2024\/01\/patch2.gif","datePublished":"2013-08-14T22:00:00+00:00","dateModified":"2025-01-02T20:22:29+00:00","breadcrumb":{"@id":"https:\/\/ruemassena30-nice.com\/en\/massena-street\/#breadcrumb"},"inLanguage":"en-GB","potentialAction":[{"@type":"ReadAction","target":["https:\/\/ruemassena30-nice.com\/en\/massena-street\/"]}]},{"@type":"ImageObject","inLanguage":"en-GB","@id":"https:\/\/ruemassena30-nice.com\/en\/massena-street\/#primaryimage","url":"https:\/\/ruemassena30-nice.com\/wp-content\/uploads\/2024\/01\/patch2.gif","contentUrl":"https:\/\/ruemassena30-nice.com\/wp-content\/uploads\/2024\/01\/patch2.gif"},{"@type":"BreadcrumbList","@id":"https:\/\/ruemassena30-nice.com\/en\/massena-street\/#breadcrumb","itemListElement":[{"@type":"ListItem","position":1,"name":"Hjem","item":"https:\/\/ruemassena30-nice.com\/en\/"},{"@type":"ListItem","position":2,"name":"Rue Massena"}]},{"@type":"WebSite","@id":"https:\/\/ruemassena30-nice.com\/en\/#website","url":"https:\/\/ruemassena30-nice.com\/en\/","name":"(ENG) Aktion\u00e6rforeningen for R\u00e9sidence Massena","description":"","potentialAction":[{"@type":"SearchAction","target":{"@type":"EntryPoint","urlTemplate":"https:\/\/ruemassena30-nice.com\/en\/?s={search_term_string}"},"query-input":{"@type":"PropertyValueSpecification","valueRequired":true,"valueName":"search_term_string"}}],"inLanguage":"en-GB"}]}},"_links":{"self":[{"href":"https:\/\/ruemassena30-nice.com\/en\/wp-json\/wp\/v2\/pages\/788","targetHints":{"allow":["GET"]}}],"collection":[{"href":"https:\/\/ruemassena30-nice.com\/en\/wp-json\/wp\/v2\/pages"}],"about":[{"href":"https:\/\/ruemassena30-nice.com\/en\/wp-json\/wp\/v2\/types\/page"}],"author":[{"embeddable":true,"href":"https:\/\/ruemassena30-nice.com\/en\/wp-json\/wp\/v2\/users\/2"}],"replies":[{"embeddable":true,"href":"https:\/\/ruemassena30-nice.com\/en\/wp-json\/wp\/v2\/comments?post=788"}],"version-history":[{"count":7,"href":"https:\/\/ruemassena30-nice.com\/en\/wp-json\/wp\/v2\/pages\/788\/revisions"}],"predecessor-version":[{"id":1990,"href":"https:\/\/ruemassena30-nice.com\/en\/wp-json\/wp\/v2\/pages\/788\/revisions\/1990"}],"wp:attachment":[{"href":"https:\/\/ruemassena30-nice.com\/en\/wp-json\/wp\/v2\/media?parent=788"}],"curies":[{"name":"wp","href":"https:\/\/api.w.org\/{rel}","templated":true}]}}