{"id":780,"date":"2011-05-25T00:00:00","date_gmt":"2011-05-24T22:00:00","guid":{"rendered":"https:\/\/ruemassena30-nice.com\/forside\/"},"modified":"2024-05-27T14:18:09","modified_gmt":"2024-05-27T12:18:09","slug":"home-page","status":"publish","type":"page","link":"https:\/\/ruemassena30-nice.com\/en\/","title":{"rendered":"Home page"},"content":{"rendered":"<p><!-- 960 Container \/ End --><!-- 960 Container --><\/p>\n<div class=\"container\">\n<div class=\"columns sixteen\">\n<p><!-- Headline --><\/p>\n<div class=\"headline no-margin\">\n<h1>Welcome to Rue Mass\u00e9na<\/h1>\n<\/div>\n<\/div>\n<p><!-- Project --><\/p>\n<div class=\"columns four\">\n<div class=\"picture\">\n<p><img decoding=\"async\" src=\"https:\/\/ruemassena30-nice.com\/wp-content\/uploads\/2024\/01\/frontpice.jpg\" alt=\"\" \/><\/p>\n<div class=\"image-overlay-link\"><\/div>\n<\/div>\n<div class=\"item-description\">\n<h5><span style=\"font-family: arial,sans-serif; font-size: 12px; font-style: normal; font-variant: normal; line-height: 20px;\"><strong>Rue Mass\u00e9na<\/strong><\/span><\/h5>\n<p>30, Rue Mass\u00e9na, 06000 Nice, France. A beautifully restored classic urban property on 6 floors, facade in the beautiful pastel colors of Provence, perfectly located in an urban area, on a car-free pedestrian street, near the center of Nice and the old town<\/p>\n<\/div>\n<\/div>\n<p><!-- Project --><\/p>\n<div class=\"columns four\">\n<div class=\"picture\">\n<p><img decoding=\"async\" src=\"https:\/\/ruemassena30-nice.com\/wp-content\/uploads\/2024\/01\/front2.jpg\" alt=\"\" \/><\/p>\n<div class=\"image-overlay-zoom\"><\/div>\n<\/div>\n<div class=\"item-description\">\n<h5>Fantastic climate<\/h5>\n<p>The C\u00f4te d&#8217;Azur&#8217;s unique microclimate means that Nice boasts better weather and temperatures than, for example, Rome. With an average annual temperature of around 17 degrees and over 300 days of sunshine a year, Nice is one of Europe&#8217;s most versatile vacation spots both summer and winter.<\/p>\n<\/div>\n<\/div>\n<p><!-- Project --><\/p>\n<div class=\"columns four\">\n<div class=\"picture\">\n<p><img decoding=\"async\" src=\"https:\/\/ruemassena30-nice.com\/wp-content\/uploads\/2024\/01\/frontpic5.jpg\" alt=\"\" \/><\/p>\n<div class=\"image-overlay-link\"><\/div>\n<\/div>\n<div class=\"item-description\">\n<h5><a href=\"#\">What<\/a>\/ Who we are<\/h5>\n<p>R\u00e9sidence Mass\u00e9na Nice A\/S is a Danish limited liability company with its registered office in Copenhagen, and with office address Bybaekterrasserne 103F, 3520 Farum, Denmark. The homes in Nice are acquired by purchasing shares in the company, which is the registered owner of the total property 30, Rue Mass\u00e9na, Nice<\/p>\n<\/div>\n<\/div>\n<p><!-- Project --><\/p>\n<div class=\"columns four\">\n<div class=\"picture\">\n<p><img decoding=\"async\" src=\"https:\/\/ruemassena30-nice.com\/wp-content\/uploads\/2024\/01\/front3.jpg\" alt=\"\" \/><\/p>\n<div class=\"image-overlay-link\"><\/div>\n<\/div>\n<div class=\"item-description\">\n<h5>Discover Nice<\/h5>\n<p>Feel the French\/Italian charm that is in full bloom in Nice<br \/>\nin Nice &#8211; especially when the city is itself, outside the tourist-heavy<br \/>\ntourist months. This is where cultural life flourishes with internationally<br \/>\ninternationally staged opera and theater performances, dance and art festivals.<\/p>\n<\/div>\n<\/div>\n<\/div>\n","protected":false},"excerpt":{"rendered":"<p>Welcome to Rue Mass\u00e9na Rue Mass\u00e9na 30, Rue Mass\u00e9na, 06000 Nice, France. A beautifully restored classic urban property on 6&#8230;<\/p>\n","protected":false},"author":2,"featured_media":0,"parent":0,"menu_order":1,"comment_status":"closed","ping_status":"closed","template":"","meta":{"footnotes":""},"class_list":["post-780","page","type-page","status-publish","hentry"],"acf":[],"yoast_head":"<!-- This site is optimized with the Yoast SEO plugin v25.1 - https:\/\/yoast.com\/wordpress\/plugins\/seo\/ -->\n<title>R\u00e9sidence Mass\u00e9na Nice<\/title>\n<meta name=\"robots\" content=\"index, follow, max-snippet:-1, max-image-preview:large, max-video-preview:-1\" \/>\n<link rel=\"canonical\" href=\"https:\/\/ruemassena30-nice.com\/en\/\" \/>\n<meta property=\"og:locale\" content=\"en_GB\" \/>\n<meta property=\"og:type\" content=\"article\" \/>\n<meta property=\"og:title\" content=\"R\u00e9sidence Mass\u00e9na Nice\" \/>\n<meta property=\"og:description\" content=\"Welcome to Rue Mass\u00e9na Rue Mass\u00e9na 30, Rue Mass\u00e9na, 06000 Nice, France. A beautifully restored classic urban property on 6...\" \/>\n<meta property=\"og:url\" content=\"https:\/\/ruemassena30-nice.com\/en\/\" \/>\n<meta property=\"og:site_name\" content=\"(ENG) Aktion\u00e6rforeningen for R\u00e9sidence Massena\" \/>\n<meta property=\"article:modified_time\" content=\"2024-05-27T12:18:09+00:00\" \/>\n<meta property=\"og:image\" content=\"https:\/\/ruemassena30-nice.com\/wp-content\/uploads\/2024\/01\/frontpice.jpg\" \/>\n<meta name=\"twitter:card\" content=\"summary_large_image\" \/>\n<!-- \/ Yoast SEO plugin. -->","yoast_head_json":{"title":"R\u00e9sidence Mass\u00e9na Nice","robots":{"index":"index","follow":"follow","max-snippet":"max-snippet:-1","max-image-preview":"max-image-preview:large","max-video-preview":"max-video-preview:-1"},"canonical":"https:\/\/ruemassena30-nice.com\/en\/","og_locale":"en_GB","og_type":"article","og_title":"R\u00e9sidence Mass\u00e9na Nice","og_description":"Welcome to Rue Mass\u00e9na Rue Mass\u00e9na 30, Rue Mass\u00e9na, 06000 Nice, France. A beautifully restored classic urban property on 6...","og_url":"https:\/\/ruemassena30-nice.com\/en\/","og_site_name":"(ENG) Aktion\u00e6rforeningen for R\u00e9sidence Massena","article_modified_time":"2024-05-27T12:18:09+00:00","og_image":[{"url":"https:\/\/ruemassena30-nice.com\/wp-content\/uploads\/2024\/01\/frontpice.jpg","type":"","width":"","height":""}],"twitter_card":"summary_large_image","schema":{"@context":"https:\/\/schema.org","@graph":[{"@type":"WebPage","@id":"https:\/\/ruemassena30-nice.com\/en\/","url":"https:\/\/ruemassena30-nice.com\/en\/","name":"R\u00e9sidence Mass\u00e9na Nice","isPartOf":{"@id":"https:\/\/ruemassena30-nice.com\/en\/#website"},"primaryImageOfPage":{"@id":"https:\/\/ruemassena30-nice.com\/en\/#primaryimage"},"image":{"@id":"https:\/\/ruemassena30-nice.com\/en\/#primaryimage"},"thumbnailUrl":"https:\/\/ruemassena30-nice.com\/wp-content\/uploads\/2024\/01\/frontpice.jpg","datePublished":"2011-05-24T22:00:00+00:00","dateModified":"2024-05-27T12:18:09+00:00","breadcrumb":{"@id":"https:\/\/ruemassena30-nice.com\/en\/#breadcrumb"},"inLanguage":"en-GB","potentialAction":[{"@type":"ReadAction","target":["https:\/\/ruemassena30-nice.com\/en\/"]}]},{"@type":"ImageObject","inLanguage":"en-GB","@id":"https:\/\/ruemassena30-nice.com\/en\/#primaryimage","url":"https:\/\/ruemassena30-nice.com\/wp-content\/uploads\/2024\/01\/frontpice.jpg","contentUrl":"https:\/\/ruemassena30-nice.com\/wp-content\/uploads\/2024\/01\/frontpice.jpg"},{"@type":"BreadcrumbList","@id":"https:\/\/ruemassena30-nice.com\/en\/#breadcrumb","itemListElement":[{"@type":"ListItem","position":1,"name":"Hjem","item":"https:\/\/ruemassena30-nice.com\/en\/"},{"@type":"ListItem","position":2,"name":"Home page"}]},{"@type":"WebSite","@id":"https:\/\/ruemassena30-nice.com\/en\/#website","url":"https:\/\/ruemassena30-nice.com\/en\/","name":"(ENG) Aktion\u00e6rforeningen for R\u00e9sidence Massena","description":"","potentialAction":[{"@type":"SearchAction","target":{"@type":"EntryPoint","urlTemplate":"https:\/\/ruemassena30-nice.com\/en\/?s={search_term_string}"},"query-input":{"@type":"PropertyValueSpecification","valueRequired":true,"valueName":"search_term_string"}}],"inLanguage":"en-GB"}]}},"_links":{"self":[{"href":"https:\/\/ruemassena30-nice.com\/en\/wp-json\/wp\/v2\/pages\/780","targetHints":{"allow":["GET"]}}],"collection":[{"href":"https:\/\/ruemassena30-nice.com\/en\/wp-json\/wp\/v2\/pages"}],"about":[{"href":"https:\/\/ruemassena30-nice.com\/en\/wp-json\/wp\/v2\/types\/page"}],"author":[{"embeddable":true,"href":"https:\/\/ruemassena30-nice.com\/en\/wp-json\/wp\/v2\/users\/2"}],"replies":[{"embeddable":true,"href":"https:\/\/ruemassena30-nice.com\/en\/wp-json\/wp\/v2\/comments?post=780"}],"version-history":[{"count":12,"href":"https:\/\/ruemassena30-nice.com\/en\/wp-json\/wp\/v2\/pages\/780\/revisions"}],"predecessor-version":[{"id":2017,"href":"https:\/\/ruemassena30-nice.com\/en\/wp-json\/wp\/v2\/pages\/780\/revisions\/2017"}],"wp:attachment":[{"href":"https:\/\/ruemassena30-nice.com\/en\/wp-json\/wp\/v2\/media?parent=780"}],"curies":[{"name":"wp","href":"https:\/\/api.w.org\/{rel}","templated":true}]}}